{"id":2270,"date":"2022-05-03T15:32:23","date_gmt":"2022-05-03T13:32:23","guid":{"rendered":"https:\/\/europ-age.eu\/?page_id=2270"},"modified":"2025-12-07T19:11:44","modified_gmt":"2025-12-07T18:11:44","slug":"digitalisierung","status":"publish","type":"page","link":"https:\/\/europ-age.eu\/fr\/digitalisierung\/","title":{"rendered":"Initiation num\u00e9rique et digitalisation"},"content":{"rendered":"<p><\/a><\/li>\r\n<\/ul>\r\n<p>\u00a0<\/p>\r\n<p><strong>EUROP&rsquo;age<\/strong> s&rsquo;engage contre l&rsquo;exclusion num\u00e9rique et propose un soutien gratuit aux usagers d&rsquo;ordinateurs portables, de tablettes et de smartphones.<\/p>\r\n<p>Depuis 2020, l&rsquo;association est partenaire du Pacte digital pour les ain\u00e9s (DigitalPakt Alter) initi\u00e9 par la F\u00e9d\u00e9ration allemande des associations de seniors, BAGSO et participe au programme f\u00e9d\u00e9ral \u00abL\u2019intelligence artificielle pour le bien-vieillir \u00bb.\u00a0 <a href=\"https:\/\/europ-age.eu\/digitalisierung\/ki\/\">plus sur l\u2019intelligence artificielle<\/a><\/p>\r\n\r\n<p>&nbsp;<\/p>","protected":false},"excerpt":{"rendered":"<p>\u00a0 EUROP&rsquo;age s&rsquo;engage contre l&rsquo;exclusion num\u00e9rique et propose un soutien gratuit aux usagers d&rsquo;ordinateurs portables, de tablettes et de smartphones. Depuis 2020, l&rsquo;association est partenaire du Pacte digital pour les [&hellip;]<\/p>\n","protected":false},"author":3,"featured_media":0,"parent":0,"menu_order":0,"comment_status":"closed","ping_status":"closed","template":"","meta":{"ocean_post_layout":"","ocean_both_sidebars_style":"","ocean_both_sidebars_content_width":0,"ocean_both_sidebars_sidebars_width":0,"ocean_sidebar":"0","ocean_second_sidebar":"0","ocean_disable_margins":"enable","ocean_add_body_class":"","ocean_shortcode_before_top_bar":"","ocean_shortcode_after_top_bar":"","ocean_shortcode_before_header":"","ocean_shortcode_after_header":"","ocean_has_shortcode":"","ocean_shortcode_after_title":"","ocean_shortcode_before_footer_widgets":"","ocean_shortcode_after_footer_widgets":"","ocean_shortcode_before_footer_bottom":"","ocean_shortcode_after_footer_bottom":"","ocean_display_top_bar":"default","ocean_display_header":"default","ocean_header_style":"","ocean_center_header_left_menu":"0","ocean_custom_header_template":"0","ocean_custom_logo":0,"ocean_custom_retina_logo":0,"ocean_custom_logo_max_width":0,"ocean_custom_logo_tablet_max_width":0,"ocean_custom_logo_mobile_max_width":0,"ocean_custom_logo_max_height":0,"ocean_custom_logo_tablet_max_height":0,"ocean_custom_logo_mobile_max_height":0,"ocean_header_custom_menu":"0","ocean_menu_typo_font_family":"0","ocean_menu_typo_font_subset":"","ocean_menu_typo_font_size":0,"ocean_menu_typo_font_size_tablet":0,"ocean_menu_typo_font_size_mobile":0,"ocean_menu_typo_font_size_unit":"px","ocean_menu_typo_font_weight":"","ocean_menu_typo_font_weight_tablet":"","ocean_menu_typo_font_weight_mobile":"","ocean_menu_typo_transform":"","ocean_menu_typo_transform_tablet":"","ocean_menu_typo_transform_mobile":"","ocean_menu_typo_line_height":0,"ocean_menu_typo_line_height_tablet":0,"ocean_menu_typo_line_height_mobile":0,"ocean_menu_typo_line_height_unit":"","ocean_menu_typo_spacing":0,"ocean_menu_typo_spacing_tablet":0,"ocean_menu_typo_spacing_mobile":0,"ocean_menu_typo_spacing_unit":"","ocean_menu_link_color":"","ocean_menu_link_color_hover":"","ocean_menu_link_color_active":"","ocean_menu_link_background":"","ocean_menu_link_hover_background":"","ocean_menu_link_active_background":"","ocean_menu_social_links_bg":"","ocean_menu_social_hover_links_bg":"","ocean_menu_social_links_color":"","ocean_menu_social_hover_links_color":"","ocean_disable_title":"default","ocean_disable_heading":"default","ocean_post_title":"","ocean_post_subheading":"","ocean_post_title_style":"","ocean_post_title_background_color":"","ocean_post_title_background":0,"ocean_post_title_bg_image_position":"","ocean_post_title_bg_image_attachment":"","ocean_post_title_bg_image_repeat":"","ocean_post_title_bg_image_size":"","ocean_post_title_height":0,"ocean_post_title_bg_overlay":0.5,"ocean_post_title_bg_overlay_color":"","ocean_disable_breadcrumbs":"default","ocean_breadcrumbs_color":"","ocean_breadcrumbs_separator_color":"","ocean_breadcrumbs_links_color":"","ocean_breadcrumbs_links_hover_color":"","ocean_display_footer_widgets":"default","ocean_display_footer_bottom":"default","ocean_custom_footer_template":"0","footnotes":""},"class_list":["post-2270","page","type-page","status-publish","hentry","entry"],"_links":{"self":[{"href":"https:\/\/europ-age.eu\/fr\/wp-json\/wp\/v2\/pages\/2270","targetHints":{"allow":["GET"]}}],"collection":[{"href":"https:\/\/europ-age.eu\/fr\/wp-json\/wp\/v2\/pages"}],"about":[{"href":"https:\/\/europ-age.eu\/fr\/wp-json\/wp\/v2\/types\/page"}],"author":[{"embeddable":true,"href":"https:\/\/europ-age.eu\/fr\/wp-json\/wp\/v2\/users\/3"}],"replies":[{"embeddable":true,"href":"https:\/\/europ-age.eu\/fr\/wp-json\/wp\/v2\/comments?post=2270"}],"version-history":[{"count":25,"href":"https:\/\/europ-age.eu\/fr\/wp-json\/wp\/v2\/pages\/2270\/revisions"}],"predecessor-version":[{"id":4478,"href":"https:\/\/europ-age.eu\/fr\/wp-json\/wp\/v2\/pages\/2270\/revisions\/4478"}],"wp:attachment":[{"href":"https:\/\/europ-age.eu\/fr\/wp-json\/wp\/v2\/media?parent=2270"}],"curies":[{"name":"wp","href":"https:\/\/api.w.org\/{rel}","templated":true}]}}