{"id":3248,"date":"2024-05-30T10:45:08","date_gmt":"2024-05-30T08:45:08","guid":{"rendered":"https:\/\/europ-age.eu\/?page_id=3248"},"modified":"2025-12-07T19:09:23","modified_gmt":"2025-12-07T18:09:23","slug":"digi-stammtisch","status":"publish","type":"page","link":"https:\/\/europ-age.eu\/fr\/digi-stammtisch\/","title":{"rendered":"Cercle num\u00e9rique"},"content":{"rendered":"<p><\/p>\n<p>Le caf\u00e9 num\u00e9rique propose un concept p\u00e9dagogique gratuit destin\u00e9 aux seniors et ax\u00e9 sur les besoins quotidiens des personnes \u00e2g\u00e9es. Les th\u00e8mes sont donc \u00e9labor\u00e9s en collaboration avec les participants. Afin de faciliter la compr\u00e9hension g\u00e9n\u00e9rale, des termes techniques relatifs au mat\u00e9riel informatique, aux logiciels et \u00e0 la communication num\u00e9rique sont d&rsquo;abord enseign\u00e9s. Tous les 15 jours, une offre est propos\u00e9e aux d\u00e9butants ou aux avanc\u00e9s, sans pression. Il est possible de poser des questions sur ses propres probl\u00e8mes li\u00e9s \u00e0 l&rsquo;utilisation de la technologie. \u00c0 cela s&rsquo;ajoutent des \u00e9v\u00e9nements sp\u00e9ciaux qui servent \u00e0 l&rsquo;application des possibilit\u00e9s num\u00e9riques dans la vie quotidienne, favorisent la coh\u00e9sion sociale du groupe et sont \u00e9galement ludiques. Gratuit. L&rsquo;adh\u00e9sion \u00e0 l&rsquo;association est la bienvenue.<\/p>\n<p>Digit-Stammtisch, dates du semestre d&rsquo;\u00e9t\u00e9 2026, tous les mardis de 15h30 \u00e0 17h00<\/p>\n<p>Mardi 10 mars 2026 15h30 Introduction pour toutes les personnes int\u00e9ress\u00e9es<\/p>\n<p>Trois dates pour acqu\u00e9rir les connaissances de base : 17 mars 2026, 24 mars 2026, 31 mars 2026<\/p>\n<p>D\u00e9butants : 7 avril 2026, 21 avril 2026, 5 mai 2026, 19 mai 2026<\/p>\n<p>Avanc\u00e9s : 14 avril 2026, 28 avril 2026, 12 mai 2026, 26 mai 2026<\/p>\n<p>Contact : Franziskus Sauer, E-mail : digit-stammtisch@mailbox.org ou WhatsApp : 0173\/6983977<\/p>\n<p>Veuillez apporter votre ordinateur portable ou votre smartphone.<\/p>\n<p>Coop\u00e9ration avec l&rsquo;universit\u00e9 populaire (VHS) de l&rsquo;association r\u00e9gionale de Sarrebruck.<\/p>\n<p>Lieu : Ancien h\u00f4tel de ville, salle 13 (1er \u00e9tage) Am Schlossplatz 1, 66119 Saa<\/p>\n<p>&nbsp;<\/p>\n<p><\/p>","protected":false},"excerpt":{"rendered":"<p>Le caf\u00e9 num\u00e9rique propose un concept p\u00e9dagogique gratuit destin\u00e9 aux seniors et ax\u00e9 sur les besoins quotidiens des personnes \u00e2g\u00e9es. Les th\u00e8mes sont donc \u00e9labor\u00e9s en collaboration avec les participants. [&hellip;]<\/p>\n","protected":false},"author":3,"featured_media":0,"parent":0,"menu_order":0,"comment_status":"closed","ping_status":"closed","template":"","meta":{"ocean_post_layout":"","ocean_both_sidebars_style":"","ocean_both_sidebars_content_width":0,"ocean_both_sidebars_sidebars_width":0,"ocean_sidebar":"0","ocean_second_sidebar":"0","ocean_disable_margins":"enable","ocean_add_body_class":"","ocean_shortcode_before_top_bar":"","ocean_shortcode_after_top_bar":"","ocean_shortcode_before_header":"","ocean_shortcode_after_header":"","ocean_has_shortcode":"","ocean_shortcode_after_title":"","ocean_shortcode_before_footer_widgets":"","ocean_shortcode_after_footer_widgets":"","ocean_shortcode_before_footer_bottom":"","ocean_shortcode_after_footer_bottom":"","ocean_display_top_bar":"default","ocean_display_header":"default","ocean_header_style":"","ocean_center_header_left_menu":"0","ocean_custom_header_template":"0","ocean_custom_logo":0,"ocean_custom_retina_logo":0,"ocean_custom_logo_max_width":0,"ocean_custom_logo_tablet_max_width":0,"ocean_custom_logo_mobile_max_width":0,"ocean_custom_logo_max_height":0,"ocean_custom_logo_tablet_max_height":0,"ocean_custom_logo_mobile_max_height":0,"ocean_header_custom_menu":"0","ocean_menu_typo_font_family":"0","ocean_menu_typo_font_subset":"","ocean_menu_typo_font_size":0,"ocean_menu_typo_font_size_tablet":0,"ocean_menu_typo_font_size_mobile":0,"ocean_menu_typo_font_size_unit":"px","ocean_menu_typo_font_weight":"","ocean_menu_typo_font_weight_tablet":"","ocean_menu_typo_font_weight_mobile":"","ocean_menu_typo_transform":"","ocean_menu_typo_transform_tablet":"","ocean_menu_typo_transform_mobile":"","ocean_menu_typo_line_height":0,"ocean_menu_typo_line_height_tablet":0,"ocean_menu_typo_line_height_mobile":0,"ocean_menu_typo_line_height_unit":"","ocean_menu_typo_spacing":0,"ocean_menu_typo_spacing_tablet":0,"ocean_menu_typo_spacing_mobile":0,"ocean_menu_typo_spacing_unit":"","ocean_menu_link_color":"","ocean_menu_link_color_hover":"","ocean_menu_link_color_active":"","ocean_menu_link_background":"","ocean_menu_link_hover_background":"","ocean_menu_link_active_background":"","ocean_menu_social_links_bg":"","ocean_menu_social_hover_links_bg":"","ocean_menu_social_links_color":"","ocean_menu_social_hover_links_color":"","ocean_disable_title":"default","ocean_disable_heading":"default","ocean_post_title":"","ocean_post_subheading":"","ocean_post_title_style":"","ocean_post_title_background_color":"","ocean_post_title_background":0,"ocean_post_title_bg_image_position":"","ocean_post_title_bg_image_attachment":"","ocean_post_title_bg_image_repeat":"","ocean_post_title_bg_image_size":"","ocean_post_title_height":0,"ocean_post_title_bg_overlay":0.5,"ocean_post_title_bg_overlay_color":"","ocean_disable_breadcrumbs":"default","ocean_breadcrumbs_color":"","ocean_breadcrumbs_separator_color":"","ocean_breadcrumbs_links_color":"","ocean_breadcrumbs_links_hover_color":"","ocean_display_footer_widgets":"default","ocean_display_footer_bottom":"default","ocean_custom_footer_template":"0","footnotes":""},"class_list":["post-3248","page","type-page","status-publish","hentry","entry"],"_links":{"self":[{"href":"https:\/\/europ-age.eu\/fr\/wp-json\/wp\/v2\/pages\/3248","targetHints":{"allow":["GET"]}}],"collection":[{"href":"https:\/\/europ-age.eu\/fr\/wp-json\/wp\/v2\/pages"}],"about":[{"href":"https:\/\/europ-age.eu\/fr\/wp-json\/wp\/v2\/types\/page"}],"author":[{"embeddable":true,"href":"https:\/\/europ-age.eu\/fr\/wp-json\/wp\/v2\/users\/3"}],"replies":[{"embeddable":true,"href":"https:\/\/europ-age.eu\/fr\/wp-json\/wp\/v2\/comments?post=3248"}],"version-history":[{"count":10,"href":"https:\/\/europ-age.eu\/fr\/wp-json\/wp\/v2\/pages\/3248\/revisions"}],"predecessor-version":[{"id":4477,"href":"https:\/\/europ-age.eu\/fr\/wp-json\/wp\/v2\/pages\/3248\/revisions\/4477"}],"wp:attachment":[{"href":"https:\/\/europ-age.eu\/fr\/wp-json\/wp\/v2\/media?parent=3248"}],"curies":[{"name":"wp","href":"https:\/\/api.w.org\/{rel}","templated":true}]}}