{"id":3969,"date":"2025-01-14T09:56:39","date_gmt":"2025-01-14T08:56:39","guid":{"rendered":"https:\/\/europ-age.eu\/?page_id=3969"},"modified":"2025-04-27T10:11:50","modified_gmt":"2025-04-27T08:11:50","slug":"willkommen-et-bienvenu","status":"publish","type":"page","link":"https:\/\/europ-age.eu\/fr\/","title":{"rendered":"WILLKOMMEN ET BIENVENU"},"content":{"rendered":"<figure class=\"wp-block-image size-full\"><img loading=\"lazy\" decoding=\"async\" width=\"989\" height=\"335\" src=\"https:\/\/europ-age.eu\/wp-content\/uploads\/2024\/12\/drapeaux-Europe.jpg\" alt=\"\" class=\"wp-image-3912\" srcset=\"https:\/\/europ-age.eu\/wp-content\/uploads\/2024\/12\/drapeaux-Europe.jpg 989w, https:\/\/europ-age.eu\/wp-content\/uploads\/2024\/12\/drapeaux-Europe-300x102.jpg 300w, https:\/\/europ-age.eu\/wp-content\/uploads\/2024\/12\/drapeaux-Europe-768x260.jpg 768w\" sizes=\"auto, (max-width: 989px) 100vw, 989px\" \/><\/figure>\r\n\r\n\r\n\r\n<h1 class=\"wp-block-heading has-text-align-center has-large-font-size\">Willkommen bei EUROP\u2019age Saar-Lor-Lux e.V.<\/h1>\r\n\r\n\r\n\r\n<p><\/p>\r\n\r\n\r\n\r\n<div class=\"wp-block-media-text is-stacked-on-mobile\" style=\"grid-template-columns:15% auto\"><figure class=\"wp-block-media-text__media\"><img loading=\"lazy\" decoding=\"async\" width=\"130\" height=\"107\" src=\"https:\/\/europ-age.eu\/wp-content\/uploads\/2019\/08\/logo-europ-age-130.jpg\" alt=\"\" class=\"wp-image-109 size-full\"\/><\/figure><div class=\"wp-block-media-text__content\">\r\n<p class=\"has-text-align-center has-text-color has-link-color has-medium-font-size wp-elements-5d03ff30cc2e40e5e52d97f74148ba6a\" style=\"color:#003399\">\u00c4lter werden und dabei jung bleiben \u2013 das ist unsere Devise.<\/p>\r\n\r\n\r\n\r\n<p class=\"has-text-align-center has-text-color has-link-color has-medium-font-size wp-elements-b10e379085365531918a1596b24f2a32\" style=\"color:#003399\"><strong>EUROP\u2019age Saar-Lor-Lux e .V.<\/strong> ist ein gemeinn\u00fctziger und grenz\u00fcberschreitend zweisprachig arbeitender Verein von Senioren f\u00fcr Senioren, der 1987 in Saarbr\u00fccken gegr\u00fcndet wurde. Er will zu einem besseren Verst\u00e4ndnis zwischen den Generationen in verschiedenen Bereichen beitragen: Kultur, Bildung, Soziales und Begegnungen.<\/p>\r\n<\/div><\/div>\r\n\r\n\r\n\r\n<div class=\"wp-block-buttons is-content-justification-center is-layout-flex wp-container-core-buttons-is-layout-16018d1d wp-block-buttons-is-layout-flex\">\r\n<div class=\"wp-block-button\"><a class=\"wp-block-button__link wp-element-button\" href=\"https:\/\/europ-age.eu\/der-verein\/\">Hier erfahren Sie mehr \u00fcber uns!<\/a><\/div>\r\n\r\n\r\n\r\n<div class=\"wp-block-button\"><a class=\"wp-block-button__link has-text-align-right wp-element-button\" href=\"https:\/\/europ-age.eu\/blog\">Hier geht es zur Startseite<\/a><\/div>\r\n<\/div>\r\n\r\n\r\n\r\n<p><\/p>","protected":false},"excerpt":{"rendered":"<p>Willkommen bei EUROP\u2019age Saar-Lor-Lux e.V. \u00c4lter werden und dabei jung bleiben \u2013 das ist unsere Devise. EUROP\u2019age Saar-Lor-Lux e .V. ist ein gemeinn\u00fctziger und grenz\u00fcberschreitend zweisprachig arbeitender Verein von Senioren [&hellip;]<\/p>\n","protected":false},"author":2,"featured_media":0,"parent":0,"menu_order":0,"comment_status":"closed","ping_status":"closed","template":"templates\/landing.php","meta":{"ocean_post_layout":"","ocean_both_sidebars_style":"","ocean_both_sidebars_content_width":0,"ocean_both_sidebars_sidebars_width":0,"ocean_sidebar":"0","ocean_second_sidebar":"0","ocean_disable_margins":"enable","ocean_add_body_class":"","ocean_shortcode_before_top_bar":"","ocean_shortcode_after_top_bar":"","ocean_shortcode_before_header":"","ocean_shortcode_after_header":"","ocean_has_shortcode":"","ocean_shortcode_after_title":"","ocean_shortcode_before_footer_widgets":"","ocean_shortcode_after_footer_widgets":"","ocean_shortcode_before_footer_bottom":"","ocean_shortcode_after_footer_bottom":"","ocean_display_top_bar":"default","ocean_display_header":"default","ocean_header_style":"","ocean_center_header_left_menu":"0","ocean_custom_header_template":"0","ocean_custom_logo":0,"ocean_custom_retina_logo":0,"ocean_custom_logo_max_width":0,"ocean_custom_logo_tablet_max_width":0,"ocean_custom_logo_mobile_max_width":0,"ocean_custom_logo_max_height":0,"ocean_custom_logo_tablet_max_height":0,"ocean_custom_logo_mobile_max_height":0,"ocean_header_custom_menu":"0","ocean_menu_typo_font_family":"0","ocean_menu_typo_font_subset":"","ocean_menu_typo_font_size":0,"ocean_menu_typo_font_size_tablet":0,"ocean_menu_typo_font_size_mobile":0,"ocean_menu_typo_font_size_unit":"px","ocean_menu_typo_font_weight":"","ocean_menu_typo_font_weight_tablet":"","ocean_menu_typo_font_weight_mobile":"","ocean_menu_typo_transform":"","ocean_menu_typo_transform_tablet":"","ocean_menu_typo_transform_mobile":"","ocean_menu_typo_line_height":0,"ocean_menu_typo_line_height_tablet":0,"ocean_menu_typo_line_height_mobile":0,"ocean_menu_typo_line_height_unit":"","ocean_menu_typo_spacing":0,"ocean_menu_typo_spacing_tablet":0,"ocean_menu_typo_spacing_mobile":0,"ocean_menu_typo_spacing_unit":"","ocean_menu_link_color":"","ocean_menu_link_color_hover":"","ocean_menu_link_color_active":"","ocean_menu_link_background":"","ocean_menu_link_hover_background":"","ocean_menu_link_active_background":"","ocean_menu_social_links_bg":"","ocean_menu_social_hover_links_bg":"","ocean_menu_social_links_color":"","ocean_menu_social_hover_links_color":"","ocean_disable_title":"default","ocean_disable_heading":"default","ocean_post_title":"","ocean_post_subheading":"","ocean_post_title_style":"","ocean_post_title_background_color":"","ocean_post_title_background":0,"ocean_post_title_bg_image_position":"","ocean_post_title_bg_image_attachment":"","ocean_post_title_bg_image_repeat":"","ocean_post_title_bg_image_size":"","ocean_post_title_height":0,"ocean_post_title_bg_overlay":0.5,"ocean_post_title_bg_overlay_color":"","ocean_disable_breadcrumbs":"default","ocean_breadcrumbs_color":"","ocean_breadcrumbs_separator_color":"","ocean_breadcrumbs_links_color":"","ocean_breadcrumbs_links_hover_color":"","ocean_display_footer_widgets":"default","ocean_display_footer_bottom":"default","ocean_custom_footer_template":"0","footnotes":""},"class_list":["post-3969","page","type-page","status-publish","hentry","entry"],"_links":{"self":[{"href":"https:\/\/europ-age.eu\/fr\/wp-json\/wp\/v2\/pages\/3969","targetHints":{"allow":["GET"]}}],"collection":[{"href":"https:\/\/europ-age.eu\/fr\/wp-json\/wp\/v2\/pages"}],"about":[{"href":"https:\/\/europ-age.eu\/fr\/wp-json\/wp\/v2\/types\/page"}],"author":[{"embeddable":true,"href":"https:\/\/europ-age.eu\/fr\/wp-json\/wp\/v2\/users\/2"}],"replies":[{"embeddable":true,"href":"https:\/\/europ-age.eu\/fr\/wp-json\/wp\/v2\/comments?post=3969"}],"version-history":[{"count":14,"href":"https:\/\/europ-age.eu\/fr\/wp-json\/wp\/v2\/pages\/3969\/revisions"}],"predecessor-version":[{"id":4239,"href":"https:\/\/europ-age.eu\/fr\/wp-json\/wp\/v2\/pages\/3969\/revisions\/4239"}],"wp:attachment":[{"href":"https:\/\/europ-age.eu\/fr\/wp-json\/wp\/v2\/media?parent=3969"}],"curies":[{"name":"wp","href":"https:\/\/api.w.org\/{rel}","templated":true}]}}