{"id":43,"date":"2019-08-28T14:33:46","date_gmt":"2019-08-28T12:33:46","guid":{"rendered":"https:\/\/europ-age.eu\/?page_id=43"},"modified":"2024-05-30T14:53:50","modified_gmt":"2024-05-30T12:53:50","slug":"senioren-fuer-europa","status":"publish","type":"page","link":"https:\/\/europ-age.eu\/fr\/senioren-fuer-europa\/","title":{"rendered":"Seniors pour l&rsquo;Europe"},"content":{"rendered":"<p>Pour \u201el\u2019ann\u00e9e europ\u00e9enne du volontariat\u201c en 2011 EUROP\u2019age Saar-Lor-Lux e.V. avait lanc\u00e9 le projet \u201e<strong>Seniors pour l\u2019Europe<\/strong>\u201c.<\/p>\n<p>EUROP\u2019age a mis en place un r\u00e9seau de seniors b\u00e9n\u00e9voles, qui en leur qualit\u00e9 de t\u00e9moins de l\u2019int\u00e9gration europ\u00e9enne sont de v\u00e9ritables ambassadeurs de l\u2019Europe aupr\u00e8s d\u2019\u00e9coles, d\u2019associations et d\u2019organismes dans les villes et en zone rurale. Leur objectif est d\u2019informer sur les grands enjeux de l\u2019Europe et de faire la promotion de l\u2019Union Europ\u00e9enne.<br \/>\nEurop\u2019age assure la responsabilit\u00e9 et g\u00e8re le r\u00e9seau des \u00ab <strong>Seniors pour l\u2019Europe<\/strong> \u00bb ; la formation technique et le soutien p\u00e9dagogique sont assur\u00e9s par le Centre Europ\u00e9en Robert Schuman (CERS) de Scy-Chazelles.<br \/>\n<strong>Le but est de participer de mani\u00e8re durable \u00e0 l\u2019avancement de la citoyennet\u00e9 europ\u00e9enne aupr\u00e8s des concitoyens, ind\u00e9pendamment de toute \u00e9tiquette politique. <\/strong><\/p>\n<p><em><strong>En 2011, le Parlement Europ\u00e9en de Strasbourg a d\u00e9cern\u00e9 \u00e0 Europ\u2019age le Prix de la Citoyennet\u00e9 Europ\u00e9enne en 2011pour le projet \u201eSeniors pour l\u2019Europe\u201c.<\/strong><\/em><br \/>\nSur demande, les seniors pour l&rsquo;Europe EUROP&rsquo;age se rendent dans des \u00e9coles, assistent \u00e0 des dialogues citoyens. EUROP&rsquo;age fait partie du r\u00e9seau de la ville de Sarrebruck pour promouvoir l&rsquo;Europe.<\/p>\n<p><img loading=\"lazy\" decoding=\"async\" class=\"size-medium wp-image-3266 alignleft\" src=\"https:\/\/europ-age.eu\/wp-content\/uploads\/2024\/05\/Sarreguemines-2952024-225x300.jpg\" alt=\"Participation au passage de la flamme olympique \u00e0 Sarreguemines\" width=\"225\" height=\"300\" srcset=\"https:\/\/europ-age.eu\/wp-content\/uploads\/2024\/05\/Sarreguemines-2952024-225x300.jpg 225w, https:\/\/europ-age.eu\/wp-content\/uploads\/2024\/05\/Sarreguemines-2952024.jpg 240w\" sizes=\"auto, (max-width: 225px) 100vw, 225px\" \/>Mai 2024 : Participation au passage de la flamme olympique \u00e0 Sarreguemines<\/p>\n<p><strong>EUROP\u2019age Saar-Lor-Lux e.V.<\/strong><br \/>\nVHS \u2013 Altes Rathaus am Schlossplatz<br \/>\n66119 Saarbr\u00fccken<br \/>\nFon: 0681 \u2013 506 4315<br \/>\nMobil: 0173- 698 39 77<br \/>\neMail: <span id=\"cloake9c1585d293cef4c2db81b81da6de516\"><a href=\"mailto:info@europ-age.eu\" target=\"_blank\" rel=\"noopener noreferrer\">info@europ-age.eu<\/a><\/span><br \/>\n<a href=\"http:\/\/www.europ-age.eu\/\">www.europ-age.eu<\/a><\/p>\n<p><\/p>","protected":false},"excerpt":{"rendered":"<p>Pour \u201el\u2019ann\u00e9e europ\u00e9enne du volontariat\u201c en 2011 EUROP\u2019age Saar-Lor-Lux e.V. avait lanc\u00e9 le projet \u201eSeniors pour l\u2019Europe\u201c. EUROP\u2019age a mis en place un r\u00e9seau de seniors b\u00e9n\u00e9voles, qui en leur [&hellip;]<\/p>\n","protected":false},"author":2,"featured_media":3266,"parent":0,"menu_order":0,"comment_status":"closed","ping_status":"closed","template":"","meta":{"ocean_post_layout":"","ocean_both_sidebars_style":"","ocean_both_sidebars_content_width":0,"ocean_both_sidebars_sidebars_width":0,"ocean_sidebar":"0","ocean_second_sidebar":"0","ocean_disable_margins":"enable","ocean_add_body_class":"","ocean_shortcode_before_top_bar":"","ocean_shortcode_after_top_bar":"","ocean_shortcode_before_header":"","ocean_shortcode_after_header":"","ocean_has_shortcode":"","ocean_shortcode_after_title":"","ocean_shortcode_before_footer_widgets":"","ocean_shortcode_after_footer_widgets":"","ocean_shortcode_before_footer_bottom":"","ocean_shortcode_after_footer_bottom":"","ocean_display_top_bar":"default","ocean_display_header":"default","ocean_header_style":"","ocean_center_header_left_menu":"0","ocean_custom_header_template":"0","ocean_custom_logo":0,"ocean_custom_retina_logo":0,"ocean_custom_logo_max_width":0,"ocean_custom_logo_tablet_max_width":0,"ocean_custom_logo_mobile_max_width":0,"ocean_custom_logo_max_height":0,"ocean_custom_logo_tablet_max_height":0,"ocean_custom_logo_mobile_max_height":0,"ocean_header_custom_menu":"0","ocean_menu_typo_font_family":"0","ocean_menu_typo_font_subset":"","ocean_menu_typo_font_size":0,"ocean_menu_typo_font_size_tablet":0,"ocean_menu_typo_font_size_mobile":0,"ocean_menu_typo_font_size_unit":"px","ocean_menu_typo_font_weight":"","ocean_menu_typo_font_weight_tablet":"","ocean_menu_typo_font_weight_mobile":"","ocean_menu_typo_transform":"","ocean_menu_typo_transform_tablet":"","ocean_menu_typo_transform_mobile":"","ocean_menu_typo_line_height":0,"ocean_menu_typo_line_height_tablet":0,"ocean_menu_typo_line_height_mobile":0,"ocean_menu_typo_line_height_unit":"","ocean_menu_typo_spacing":0,"ocean_menu_typo_spacing_tablet":0,"ocean_menu_typo_spacing_mobile":0,"ocean_menu_typo_spacing_unit":"","ocean_menu_link_color":"","ocean_menu_link_color_hover":"","ocean_menu_link_color_active":"","ocean_menu_link_background":"","ocean_menu_link_hover_background":"","ocean_menu_link_active_background":"","ocean_menu_social_links_bg":"","ocean_menu_social_hover_links_bg":"","ocean_menu_social_links_color":"","ocean_menu_social_hover_links_color":"","ocean_disable_title":"default","ocean_disable_heading":"default","ocean_post_title":"","ocean_post_subheading":"","ocean_post_title_style":"","ocean_post_title_background_color":"","ocean_post_title_background":0,"ocean_post_title_bg_image_position":"","ocean_post_title_bg_image_attachment":"","ocean_post_title_bg_image_repeat":"","ocean_post_title_bg_image_size":"","ocean_post_title_height":0,"ocean_post_title_bg_overlay":0.5,"ocean_post_title_bg_overlay_color":"","ocean_disable_breadcrumbs":"default","ocean_breadcrumbs_color":"","ocean_breadcrumbs_separator_color":"","ocean_breadcrumbs_links_color":"","ocean_breadcrumbs_links_hover_color":"","ocean_display_footer_widgets":"default","ocean_display_footer_bottom":"default","ocean_custom_footer_template":"0","footnotes":""},"class_list":["post-43","page","type-page","status-publish","has-post-thumbnail","hentry","entry","has-media"],"_links":{"self":[{"href":"https:\/\/europ-age.eu\/fr\/wp-json\/wp\/v2\/pages\/43","targetHints":{"allow":["GET"]}}],"collection":[{"href":"https:\/\/europ-age.eu\/fr\/wp-json\/wp\/v2\/pages"}],"about":[{"href":"https:\/\/europ-age.eu\/fr\/wp-json\/wp\/v2\/types\/page"}],"author":[{"embeddable":true,"href":"https:\/\/europ-age.eu\/fr\/wp-json\/wp\/v2\/users\/2"}],"replies":[{"embeddable":true,"href":"https:\/\/europ-age.eu\/fr\/wp-json\/wp\/v2\/comments?post=43"}],"version-history":[{"count":11,"href":"https:\/\/europ-age.eu\/fr\/wp-json\/wp\/v2\/pages\/43\/revisions"}],"predecessor-version":[{"id":3293,"href":"https:\/\/europ-age.eu\/fr\/wp-json\/wp\/v2\/pages\/43\/revisions\/3293"}],"wp:featuredmedia":[{"embeddable":true,"href":"https:\/\/europ-age.eu\/fr\/wp-json\/wp\/v2\/media\/3266"}],"wp:attachment":[{"href":"https:\/\/europ-age.eu\/fr\/wp-json\/wp\/v2\/media?parent=43"}],"curies":[{"name":"wp","href":"https:\/\/api.w.org\/{rel}","templated":true}]}}